{"id":1967,"date":"2025-01-04T06:33:14","date_gmt":"2025-01-04T06:33:14","guid":{"rendered":"https:\/\/www.myrvetteconsulting.com\/?page_id=1967"},"modified":"2025-01-28T15:09:39","modified_gmt":"2025-01-28T15:09:39","slug":"evenements-marrakech","status":"publish","type":"page","link":"https:\/\/www.myrvetteconsulting.com\/en\/evenements-marrakech\/","title":{"rendered":"Articles : Organisez des \u00e9v\u00e9nements inoubliables \u00e0 Marrakech"},"content":{"rendered":"<div data-elementor-type=\"wp-page\" data-elementor-id=\"1967\" class=\"elementor elementor-1967\">\n\t\t\t\t<div class=\"elementor-element elementor-element-5ee6ad1 e-flex e-con-boxed e-con e-parent\" data-id=\"5ee6ad1\" data-element_type=\"container\" data-e-type=\"container\" data-settings=\"{&quot;background_background&quot;:&quot;classic&quot;}\">\n\t\t\t\t\t<div class=\"e-con-inner\">\n\t\t\t\t<div class=\"elementor-element elementor-element-b67611a elementor-widget elementor-widget-heading\" data-id=\"b67611a\" data-element_type=\"widget\" data-e-type=\"widget\" data-widget_type=\"heading.default\">\n\t\t\t\t<div class=\"elementor-widget-container\">\n\t\t\t\t\t<h2 class=\"elementor-heading-title elementor-size-default\">Blog<\/h2>\t\t\t\t<\/div>\n\t\t\t\t<\/div>\n\t\t\t\t\t<\/div>\n\t\t\t\t<\/div>\n\t\t<div class=\"elementor-element elementor-element-8bab3d4 e-flex e-con-boxed e-con e-parent\" data-id=\"8bab3d4\" data-element_type=\"container\" data-e-type=\"container\">\n\t\t\t\t\t<div class=\"e-con-inner\">\n\t\t\t\t<div class=\"elementor-element elementor-element-919c132 elementor-widget elementor-widget-heading\" data-id=\"919c132\" data-element_type=\"widget\" data-e-type=\"widget\" data-widget_type=\"heading.default\">\n\t\t\t\t<div class=\"elementor-widget-container\">\n\t\t\t\t\t<h2 class=\"elementor-heading-title elementor-size-default\">Immerse yourself in the world of event planning in Marrakech and beyond\n<\/h2>\t\t\t\t<\/div>\n\t\t\t\t<\/div>\n\t\t\t\t<div class=\"elementor-element elementor-element-2851fd0 elementor-widget elementor-widget-text-editor\" data-id=\"2851fd0\" data-element_type=\"widget\" data-e-type=\"widget\" data-widget_type=\"text-editor.default\">\n\t\t\t\t<div class=\"elementor-widget-container\">\n\t\t\t\t\t\t\t\t\t<p>Welcome to our blog dedicated to the art of creating unforgettable events in Marrakech, Morocco, and beyond. Here, you\u2019ll find articles filled with advice, inspiration, and trends to assist you in organizing unique moments. Whether you're looking for ideas for a wedding, a seminar, or a special celebration, we are here to inspire and guide you.<\/p>\t\t\t\t\t\t\t\t<\/div>\n\t\t\t\t<\/div>\n\t\t\t\t<div class=\"elementor-element elementor-element-761bde0 elementor-widget elementor-widget-heading\" data-id=\"761bde0\" data-element_type=\"widget\" data-e-type=\"widget\" data-widget_type=\"heading.default\">\n\t\t\t\t<div class=\"elementor-widget-container\">\n\t\t\t\t\t<h2 class=\"elementor-heading-title elementor-size-default\">Marrakech: An exceptional destination for your events\n\n<\/h2>\t\t\t\t<\/div>\n\t\t\t\t<\/div>\n\t\t\t\t<div class=\"elementor-element elementor-element-66766a2 elementor-widget elementor-widget-text-editor\" data-id=\"66766a2\" data-element_type=\"widget\" data-e-type=\"widget\" data-widget_type=\"text-editor.default\">\n\t\t\t\t<div class=\"elementor-widget-container\">\n\t\t\t\t\t\t\t\t\tMarrakech, with its blend of ancient traditions and contemporary elegance, is a preferred destination for memorable events. Its magnificent palaces, enchanting riads, and lush gardens provide a unique setting, perfect for organizing unforgettable moments.\n<br>\n<br>\n<strong>Whether you dream of :<\/strong>\n<br>\n- A sumptuous wedding in a traditional riad,<br>\n- A corporate seminar in an exceptional setting,<br>\n- Or a magical gala evening under the stars,<br><br>\nMarrakech offers a multitude of possibilities to bring your projects to life. With its rich culture and legendary hospitality, this magical city transforms every event into a memorable experience.\t\t\t\t\t\t\t\t<\/div>\n\t\t\t\t<\/div>\n\t\t\t\t<div class=\"elementor-element elementor-element-4f3e973 elementor-widget elementor-widget-heading\" data-id=\"4f3e973\" data-element_type=\"widget\" data-e-type=\"widget\" data-widget_type=\"heading.default\">\n\t\t\t\t<div class=\"elementor-widget-container\">\n\t\t\t\t\t<h2 class=\"elementor-heading-title elementor-size-default\">Tailored advice for all your events\n\n<\/h2>\t\t\t\t<\/div>\n\t\t\t\t<\/div>\n\t\t\t\t<div class=\"elementor-element elementor-element-57a8c4b elementor-widget elementor-widget-text-editor\" data-id=\"57a8c4b\" data-element_type=\"widget\" data-e-type=\"widget\" data-widget_type=\"text-editor.default\">\n\t\t\t\t<div class=\"elementor-widget-container\">\n\t\t\t\t\t\t\t\t\tEach event is a story to tell. To help you write yours, our blog offers practical tips and proven advice:\n<br>\n<br>\n1. Choose the perfect venue: Discover the best spots in Marrakech, whether it's riads, gardens, or modern conference rooms.<br>\n2. Collaborate with trusted service providers: Learn how to select renowned local professionals known for their expertise and craftsmanship.<br>\n3. Incorporate personalized details: From unique invitations to a carefully crafted set design, every detail matters to impress your guests.\n<br>\n<br>\nOur articles are designed to meet your specific needs, whether you're an individual looking to organize a private event or a professional seeking innovative solutions for a corporate event.\n\n\t\t\t\t\t\t\t\t<\/div>\n\t\t\t\t<\/div>\n\t\t\t\t<div class=\"elementor-element elementor-element-200446b elementor-widget elementor-widget-heading\" data-id=\"200446b\" data-element_type=\"widget\" data-e-type=\"widget\" data-widget_type=\"heading.default\">\n\t\t\t\t<div class=\"elementor-widget-container\">\n\t\t\t\t\t<h2 class=\"elementor-heading-title elementor-size-default\">Inspirations and trends you can't miss\n\n\n<\/h2>\t\t\t\t<\/div>\n\t\t\t\t<\/div>\n\t\t\t\t<div class=\"elementor-element elementor-element-6fd9d27 elementor-widget elementor-widget-text-editor\" data-id=\"6fd9d27\" data-element_type=\"widget\" data-e-type=\"widget\" data-widget_type=\"text-editor.default\">\n\t\t\t\t<div class=\"elementor-widget-container\">\n\t\t\t\t\t\t\t\t\t<p>The world of event planning is constantly evolving. On our blog, we explore the latest trends and creative ideas for you :<br \/><br \/><br \/>\u2013 Avant-garde decorations: Combine modern design with Moroccan traditions for a breathtaking result.<br \/>\u2013 Immersive experiences: Give your guests interactive moments with innovative concepts such as augmented reality or customized animations.<br \/>\u2013 Original concepts: From themed tables to artistic performances, let your imagination run wild.<br \/><br \/><br \/>Marrakech, rich in its cultural heritage and magical atmosphere, offers the perfect playground for bold projects. Whether you're looking for an intimate event or a grand reception, our inspirations will help you push the boundaries of creativity.<\/p>\t\t\t\t\t\t\t\t<\/div>\n\t\t\t\t<\/div>\n\t\t\t\t\t<\/div>\n\t\t\t\t<\/div>\n\t\t<div class=\"elementor-element elementor-element-66dfc85 e-flex e-con-boxed e-con e-parent\" data-id=\"66dfc85\" data-element_type=\"container\" data-e-type=\"container\">\n\t\t\t\t\t<div class=\"e-con-inner\">\n\t\t\t\t<div class=\"elementor-element elementor-element-56b8386 elementor-widget elementor-widget-qi_addons_for_elementor_blog_list\" data-id=\"56b8386\" data-element_type=\"widget\" data-e-type=\"widget\" data-widget_type=\"qi_addons_for_elementor_blog_list.default\">\n\t\t\t\t<div class=\"elementor-widget-container\">\n\t\t\t\t\t<div class=\"qodef-shortcode qodef-m qodef-addons-blog-list qodef-info-no-icons qodef-image--hover-move qodef-qi-grid qodef-layout--qi-columns qodef-col-num--3 qodef-item-layout--boxed qodef-responsive--predefined\" >\n\t<div class=\"qodef-grid-inner\">\n\t\t<article class=\"qodef-e qodef-blog-item qodef-grid-item qodef-item--square post-3243 post type-post status-publish format-standard has-post-thumbnail hentry category-destination-events category-conseil-en-evenementiel category-experiences-haut-de-gamme category-organisation-devenements-au-maroc tag-atlas-maroc tag-desert-maroc tag-destination-event-morocco tag-evenement-sur-mesure-maroc tag-luxury-events-morocco tag-marrakech-luxury-events tag-morocco-event-planner\">\n\t<div class=\"qodef-e-inner\">\n\t\t<div class=\"qodef-e-media-holder\">\n\t\t\t<div class=\"qodef-e-media\">\n\t\t<div class=\"qodef-e-media-image\">\n\t\t<a itemprop=\"url\" href=\"https:\/\/www.myrvetteconsulting.com\/en\/pourquoi-organiser-evenement-maroc\/\">\n\t\t\t<img fetchpriority=\"high\" decoding=\"async\" width=\"650\" height=\"650\" src=\"https:\/\/www.myrvetteconsulting.com\/wp-content\/uploads\/2026\/03\/Myrvette-Consulting-Evenement-luxe-maroc-diner-prive-desert-Atlas-650x650.png\" class=\"attachment-qi_addons_for_elementor_image_size_square size-qi_addons_for_elementor_image_size_square\" alt=\"D\u00eener de luxe en plein d\u00e9sert marocain avec table \u00e9clair\u00e9e aux lanternes, invit\u00e9s \u00e9l\u00e9gants, riad traditionnel et montagnes de l\u2019Atlas en arri\u00e8re-plan, exp\u00e9rience \u00e9v\u00e9nementielle haut de gamme au Maroc\" srcset=\"https:\/\/www.myrvetteconsulting.com\/wp-content\/uploads\/2026\/03\/Myrvette-Consulting-Evenement-luxe-maroc-diner-prive-desert-Atlas-650x650.png 650w, https:\/\/www.myrvetteconsulting.com\/wp-content\/uploads\/2026\/03\/Myrvette-Consulting-Evenement-luxe-maroc-diner-prive-desert-Atlas-150x150.png 150w, https:\/\/www.myrvetteconsulting.com\/wp-content\/uploads\/2026\/03\/Myrvette-Consulting-Evenement-luxe-maroc-diner-prive-desert-Atlas-570x570.png 570w, https:\/\/www.myrvetteconsulting.com\/wp-content\/uploads\/2026\/03\/Myrvette-Consulting-Evenement-luxe-maroc-diner-prive-desert-Atlas-500x500.png 500w, https:\/\/www.myrvetteconsulting.com\/wp-content\/uploads\/2026\/03\/Myrvette-Consulting-Evenement-luxe-maroc-diner-prive-desert-Atlas-1000x1000.png 1000w\" sizes=\"(max-width: 650px) 100vw, 650px\" title=\"\">\t\t<\/a>\n\t\t\t<\/div>\n<\/div>\n\t\t<\/div>\n\t\t<div class=\"qodef-e-content\">\n\t\t\t\t\t\t\t<div class=\"qodef-e-info qodef-info--top\">\n\t\t\t\t\t<div class=\"qodef-e-info-item qodef-e-info-category\">\n\t\t<a href=\"https:\/\/www.myrvetteconsulting.com\/en\/destination-events\/\" rel=\"category tag\">Destination Events<\/a><span class=\"qodef-category-separator\"><\/span><a href=\"https:\/\/www.myrvetteconsulting.com\/en\/conseil-en-evenementiel\/\" rel=\"category tag\">Conseil en \u00e9v\u00e9nementiel<\/a><span class=\"qodef-category-separator\"><\/span><a href=\"https:\/\/www.myrvetteconsulting.com\/en\/experiences-haut-de-gamme\/\" rel=\"category tag\">Exp\u00e9riences haut de gamme<\/a><span class=\"qodef-category-separator\"><\/span><a href=\"https:\/\/www.myrvetteconsulting.com\/en\/organisation-devenements-au-maroc\/\" rel=\"category tag\">Organisation d\u2019\u00e9v\u00e9nements au Maroc<\/a><\/div>\n\t\t\t\t<\/div>\n\t\t\t\t\t\t<div class=\"qodef-e-text\">\n\t\t\t\t<h5 itemprop=\"name\" class=\"qodef-e-title entry-title\">\n\t<a itemprop=\"url\" class=\"qodef-e-title-link\" href=\"https:\/\/www.myrvetteconsulting.com\/en\/pourquoi-organiser-evenement-maroc\/\">\n\t\tPourquoi organiser un \u00e9v\u00e9nement au Maroc demande bien plus qu\u2019un simple organisateur\t<\/a>\n<\/h5>\n\t\t\t<\/div>\n\t\t\t\t\t\t\t<div class=\"qodef-e-info qodef-info--bottom\">\n\t\t\t\t\t\t<div class=\"qodef-e-read-more\">\n\t\t<a class=\"qodef-shortcode qodef-m qodef-qi-button qodef-html--link qodef-layout--textual qodef-type--standard qodef-icon--right qodef-hover--icon-move-horizontal-short qodef-text-underline qodef-underline--left\" href=\"https:\/\/www.myrvetteconsulting.com\/en\/pourquoi-organiser-evenement-maroc\/\" target=\"_self\">\t<span class=\"qodef-m-text\">Read More<\/span>\t<\/a>\t<\/div>\n\t\t\t\t<\/div>\n\t\t\t\t\t<\/div>\n\t<\/div>\n<\/article>\n<article class=\"qodef-e qodef-blog-item qodef-grid-item qodef-item--square post-2802 post type-post status-publish format-standard has-post-thumbnail hentry category-decoration-evenementielle category-artisanat-marocain-mariages category-mariages-luxe-maroc category-tendances-evenementielles tag-artisanat tag-decoration-artisanale tag-destination-wedding tag-inspiration-mariage-marocain tag-mariage-marrakech tag-mariage-luxe tag-mariage-oriental tag-mariage-traditionnel-marocain tag-maroc tag-marrakech tag-themes-mariage tag-wedding-planner-maroc\">\n\t<div class=\"qodef-e-inner\">\n\t\t<div class=\"qodef-e-media-holder\">\n\t\t\t<div class=\"qodef-e-media\">\n\t\t<div class=\"qodef-e-media-image\">\n\t\t<a itemprop=\"url\" href=\"https:\/\/www.myrvetteconsulting.com\/en\/artisanat-marocain-mariages\/\">\n\t\t\t<img decoding=\"async\" width=\"650\" height=\"650\" data-src=\"https:\/\/www.myrvetteconsulting.com\/wp-content\/uploads\/2025\/01\/Artisanat-Mariage-Maroc-650x650.jpg\" class=\"attachment-qi_addons_for_elementor_image_size_square size-qi_addons_for_elementor_image_size_square lazyload\" alt=\"Ensemble d&#039;objets artisanaux marocains comprenant une th\u00e9i\u00e8re traditionnelle en m\u00e9tal cisel\u00e9, des plateaux en cuivre finement d\u00e9cor\u00e9s, et des verres \u00e0 th\u00e9, illustrant l&#039;\u00e9l\u00e9gance et le savoir-faire de l&#039;artisanat marocain.\" data-srcset=\"https:\/\/www.myrvetteconsulting.com\/wp-content\/uploads\/2025\/01\/Artisanat-Mariage-Maroc-650x650.jpg 650w, https:\/\/www.myrvetteconsulting.com\/wp-content\/uploads\/2025\/01\/Artisanat-Mariage-Maroc-150x150.jpg 150w, https:\/\/www.myrvetteconsulting.com\/wp-content\/uploads\/2025\/01\/Artisanat-Mariage-Maroc-570x570.jpg 570w, https:\/\/www.myrvetteconsulting.com\/wp-content\/uploads\/2025\/01\/Artisanat-Mariage-Maroc-500x500.jpg 500w\" data-sizes=\"(max-width: 650px) 100vw, 650px\" title=\"\" src=\"data:image\/svg+xml;base64,PHN2ZyB3aWR0aD0iMSIgaGVpZ2h0PSIxIiB4bWxucz0iaHR0cDovL3d3dy53My5vcmcvMjAwMC9zdmciPjwvc3ZnPg==\" style=\"--smush-placeholder-width: 650px; --smush-placeholder-aspect-ratio: 650\/650;\">\t\t<\/a>\n\t\t\t<\/div>\n<\/div>\n\t\t<\/div>\n\t\t<div class=\"qodef-e-content\">\n\t\t\t\t\t\t\t<div class=\"qodef-e-info qodef-info--top\">\n\t\t\t\t\t<div class=\"qodef-e-info-item qodef-e-info-category\">\n\t\t<a href=\"https:\/\/www.myrvetteconsulting.com\/en\/decoration-evenementielle\/\" rel=\"category tag\">Event Decoration<\/a><span class=\"qodef-category-separator\"><\/span><a href=\"https:\/\/www.myrvetteconsulting.com\/en\/artisanat-marocain-mariages\/\" rel=\"category tag\">Moroccan craftsmanship in weddings<\/a><span class=\"qodef-category-separator\"><\/span><a href=\"https:\/\/www.myrvetteconsulting.com\/en\/mariages-luxe-maroc\/\" rel=\"category tag\">Luxury weddings in Morocco<\/a><span class=\"qodef-category-separator\"><\/span><a href=\"https:\/\/www.myrvetteconsulting.com\/en\/tendances-evenementielles\/\" rel=\"category tag\">Event Trends<\/a><\/div>\n\t\t\t\t<\/div>\n\t\t\t\t\t\t<div class=\"qodef-e-text\">\n\t\t\t\t<h5 itemprop=\"name\" class=\"qodef-e-title entry-title\">\n\t<a itemprop=\"url\" class=\"qodef-e-title-link\" href=\"https:\/\/www.myrvetteconsulting.com\/en\/artisanat-marocain-mariages\/\">\n\t\tMoroccan Craftsmanship in Weddings: Elegance and Tradition\t<\/a>\n<\/h5>\n\t\t\t<\/div>\n\t\t\t\t\t\t\t<div class=\"qodef-e-info qodef-info--bottom\">\n\t\t\t\t\t\t<div class=\"qodef-e-read-more\">\n\t\t<a class=\"qodef-shortcode qodef-m qodef-qi-button qodef-html--link qodef-layout--textual qodef-type--standard qodef-icon--right qodef-hover--icon-move-horizontal-short qodef-text-underline qodef-underline--left\" href=\"https:\/\/www.myrvetteconsulting.com\/en\/artisanat-marocain-mariages\/\" target=\"_self\">\t<span class=\"qodef-m-text\">Read More<\/span>\t<\/a>\t<\/div>\n\t\t\t\t<\/div>\n\t\t\t\t\t<\/div>\n\t<\/div>\n<\/article>\n<article class=\"qodef-e qodef-blog-item qodef-grid-item qodef-item--square post-1 post type-post status-publish format-standard has-post-thumbnail hentry category-decoration-evenementielle category-tendances-inspirations tag-desert-agafay tag-destination-wedding tag-inspiration-mariage-marocain tag-mariage-marrakech tag-mariage-luxe tag-mariage-oriental tag-mariage-traditionnel-marocain tag-maroc tag-marrakech tag-merzouga tag-themes-mariage tag-wedding-planner-maroc\">\n\t<div class=\"qodef-e-inner\">\n\t\t<div class=\"qodef-e-media-holder\">\n\t\t\t<div class=\"qodef-e-media\">\n\t\t<div class=\"qodef-e-media-image\">\n\t\t<a itemprop=\"url\" href=\"https:\/\/www.myrvetteconsulting.com\/en\/decoration-mariage-maroc\/\">\n\t\t\t<img decoding=\"async\" width=\"650\" height=\"366\" data-src=\"https:\/\/www.myrvetteconsulting.com\/wp-content\/uploads\/2023\/07\/myrvette-consulting-event-wedding-marrakech-slide.jpg\" class=\"attachment-qi_addons_for_elementor_image_size_square size-qi_addons_for_elementor_image_size_square lazyload\" alt=\"Un moment romantique et intemporel, avec un couple marchant main dans la main \u00e0 travers un paysage naturel et vallonn\u00e9 au coucher du soleil. L&#039;homme porte un costume fonc\u00e9, tandis que la femme arbore une robe de mari\u00e9e l\u00e9g\u00e8re et fluide orn\u00e9e de motifs d\u00e9licats, tout en tenant un bouquet dans sa main gauche. L&#039;arri\u00e8re-plan, compos\u00e9 de collines et de montagnes aux tons doux, accentue l&#039;atmosph\u00e8re sereine et po\u00e9tique. Une lumi\u00e8re dor\u00e9e enveloppe la sc\u00e8ne, ajoutant chaleur et magie. Ce moment pourrait s&#039;inscrire dans des articles riches en conseils, inspirations et tendances pour des mariages enchanteurs en pleine nature.\" data-srcset=\"https:\/\/www.myrvetteconsulting.com\/wp-content\/uploads\/2023\/07\/myrvette-consulting-event-wedding-marrakech-slide.jpg 1920w, https:\/\/www.myrvetteconsulting.com\/wp-content\/uploads\/2023\/07\/myrvette-consulting-event-wedding-marrakech-slide-300x169.jpg 300w, https:\/\/www.myrvetteconsulting.com\/wp-content\/uploads\/2023\/07\/myrvette-consulting-event-wedding-marrakech-slide-1024x576.jpg 1024w, https:\/\/www.myrvetteconsulting.com\/wp-content\/uploads\/2023\/07\/myrvette-consulting-event-wedding-marrakech-slide-768x432.jpg 768w, https:\/\/www.myrvetteconsulting.com\/wp-content\/uploads\/2023\/07\/myrvette-consulting-event-wedding-marrakech-slide-1536x864.jpg 1536w\" data-sizes=\"(max-width: 650px) 100vw, 650px\" title=\"\" src=\"data:image\/svg+xml;base64,PHN2ZyB3aWR0aD0iMSIgaGVpZ2h0PSIxIiB4bWxucz0iaHR0cDovL3d3dy53My5vcmcvMjAwMC9zdmciPjwvc3ZnPg==\" style=\"--smush-placeholder-width: 650px; --smush-placeholder-aspect-ratio: 650\/366;\">\t\t<\/a>\n\t\t\t<\/div>\n<\/div>\n\t\t<\/div>\n\t\t<div class=\"qodef-e-content\">\n\t\t\t\t\t\t\t<div class=\"qodef-e-info qodef-info--top\">\n\t\t\t\t\t<div class=\"qodef-e-info-item qodef-e-info-category\">\n\t\t<a href=\"https:\/\/www.myrvetteconsulting.com\/en\/decoration-evenementielle\/\" rel=\"category tag\">Event Decoration<\/a><span class=\"qodef-category-separator\"><\/span><a href=\"https:\/\/www.myrvetteconsulting.com\/en\/tendances-inspirations\/\" rel=\"category tag\">Trends and Inspirations<\/a><\/div>\n\t\t\t\t<\/div>\n\t\t\t\t\t\t<div class=\"qodef-e-text\">\n\t\t\t\t<h5 itemprop=\"name\" class=\"qodef-e-title entry-title\">\n\t<a itemprop=\"url\" class=\"qodef-e-title-link\" href=\"https:\/\/www.myrvetteconsulting.com\/en\/decoration-mariage-maroc\/\">\n\t\tWedding in Morocco: An Authentic Dream Destination\t<\/a>\n<\/h5>\n\t\t\t<\/div>\n\t\t\t\t\t\t\t<div class=\"qodef-e-info qodef-info--bottom\">\n\t\t\t\t\t\t<div class=\"qodef-e-read-more\">\n\t\t<a class=\"qodef-shortcode qodef-m qodef-qi-button qodef-html--link qodef-layout--textual qodef-type--standard qodef-icon--right qodef-hover--icon-move-horizontal-short qodef-text-underline qodef-underline--left\" href=\"https:\/\/www.myrvetteconsulting.com\/en\/decoration-mariage-maroc\/\" target=\"_self\">\t<span class=\"qodef-m-text\">Read More<\/span>\t<\/a>\t<\/div>\n\t\t\t\t<\/div>\n\t\t\t\t\t<\/div>\n\t<\/div>\n<\/article>\n\t<\/div>\n\t<\/div>\n\t\t\t\t<\/div>\n\t\t\t\t<\/div>\n\t\t\t\t\t<\/div>\n\t\t\t\t<\/div>\n\t\t<div class=\"elementor-element elementor-element-e23f912 e-flex e-con-boxed e-con e-parent\" data-id=\"e23f912\" data-element_type=\"container\" data-e-type=\"container\" data-settings=\"{&quot;background_background&quot;:&quot;classic&quot;}\">\n\t\t\t\t\t<div class=\"e-con-inner\">\n\t\t\t\t<div class=\"elementor-element elementor-element-2de54c7 elementor-widget elementor-widget-heading\" data-id=\"2de54c7\" data-element_type=\"widget\" data-e-type=\"widget\" data-widget_type=\"heading.default\">\n\t\t\t\t<div class=\"elementor-widget-container\">\n\t\t\t\t\t<h2 class=\"elementor-heading-title elementor-size-default\">Why choose our blog as your ally?\n\n<\/h2>\t\t\t\t<\/div>\n\t\t\t\t<\/div>\n\t\t\t\t<div class=\"elementor-element elementor-element-4766e07 elementor-widget elementor-widget-text-editor\" data-id=\"4766e07\" data-element_type=\"widget\" data-e-type=\"widget\" data-widget_type=\"text-editor.default\">\n\t\t\t\t<div class=\"elementor-widget-container\">\n\t\t\t\t\t\t\t\t\t<p>Our mission is to guide you through every step of planning your events. Through rich and detailed articles, we provide you with valuable resources to :<br \/><br \/><br \/>\u2013 Find innovative ideas,<br \/>\u2013 Understand the specifics of event planning in Marrakech,<br \/>\u2013 And turn your dreams into reality.<br \/><br \/><br \/>Whether you're a professional looking for new trends or an individual aiming to make an event special, our blog is an essential source of inspiration and practical advice.<\/p>\t\t\t\t\t\t\t\t<\/div>\n\t\t\t\t<\/div>\n\t\t\t\t<div class=\"elementor-element elementor-element-e5ce791 elementor-widget elementor-widget-heading\" data-id=\"e5ce791\" data-element_type=\"widget\" data-e-type=\"widget\" data-widget_type=\"heading.default\">\n\t\t\t\t<div class=\"elementor-widget-container\">\n\t\t\t\t\t<h2 class=\"elementor-heading-title elementor-size-default\">Join us in this fascinating world.\n<\/h2>\t\t\t\t<\/div>\n\t\t\t\t<\/div>\n\t\t\t\t<div class=\"elementor-element elementor-element-eb96029 elementor-widget elementor-widget-text-editor\" data-id=\"eb96029\" data-element_type=\"widget\" data-e-type=\"widget\" data-widget_type=\"text-editor.default\">\n\t\t\t\t<div class=\"elementor-widget-container\">\n\t\t\t\t\t\t\t\t\tEvent planning is much more than just organization: it's an art that involves creating moments that leave a lasting impression. With our advice and inspirations, you'll have all the keys to succeed in your projects.\n<br>\n<br>\nDive into this captivating world now and let yourself be guided to create unique and unforgettable experiences. Welcome to our event planning blog, where every idea can become a breathtaking reality.\n\n\t\t\t\t\t\t\t\t<\/div>\n\t\t\t\t<\/div>\n\t\t\t\t\t<\/div>\n\t\t\t\t<\/div>\n\t\t\t\t<\/div>","protected":false},"excerpt":{"rendered":"<p>Blog Plongez dans l&rsquo;univers de l&rsquo;\u00e9v\u00e9nementiel \u00e0 Marrakech et au-del\u00e0 Bienvenue sur notre blog d\u00e9di\u00e9 \u00e0 l\u2019art de cr\u00e9er des \u00e9v\u00e9nements inoubliables \u00e0 Marrakech, au Maroc, et bien au-del\u00e0. Vous y trouverez des articles riches en conseils, inspirations, et tendances pour vous accompagner dans l\u2019organisation&#8230;<\/p>","protected":false},"author":1,"featured_media":735,"parent":0,"menu_order":0,"comment_status":"closed","ping_status":"closed","template":"elementor_header_footer","meta":{"footnotes":""},"class_list":["post-1967","page","type-page","status-publish","has-post-thumbnail","hentry"],"_links":{"self":[{"href":"https:\/\/www.myrvetteconsulting.com\/en\/wp-json\/wp\/v2\/pages\/1967","targetHints":{"allow":["GET"]}}],"collection":[{"href":"https:\/\/www.myrvetteconsulting.com\/en\/wp-json\/wp\/v2\/pages"}],"about":[{"href":"https:\/\/www.myrvetteconsulting.com\/en\/wp-json\/wp\/v2\/types\/page"}],"author":[{"embeddable":true,"href":"https:\/\/www.myrvetteconsulting.com\/en\/wp-json\/wp\/v2\/users\/1"}],"replies":[{"embeddable":true,"href":"https:\/\/www.myrvetteconsulting.com\/en\/wp-json\/wp\/v2\/comments?post=1967"}],"version-history":[{"count":143,"href":"https:\/\/www.myrvetteconsulting.com\/en\/wp-json\/wp\/v2\/pages\/1967\/revisions"}],"predecessor-version":[{"id":3199,"href":"https:\/\/www.myrvetteconsulting.com\/en\/wp-json\/wp\/v2\/pages\/1967\/revisions\/3199"}],"wp:featuredmedia":[{"embeddable":true,"href":"https:\/\/www.myrvetteconsulting.com\/en\/wp-json\/wp\/v2\/media\/735"}],"wp:attachment":[{"href":"https:\/\/www.myrvetteconsulting.com\/en\/wp-json\/wp\/v2\/media?parent=1967"}],"curies":[{"name":"wp","href":"https:\/\/api.w.org\/{rel}","templated":true}]}}